{"id":4808,"date":"2026-01-23T07:04:13","date_gmt":"2026-01-23T06:04:13","guid":{"rendered":"https:\/\/www.musikkapelle-latzfons.it\/?page_id=4808"},"modified":"2026-01-23T14:51:16","modified_gmt":"2026-01-23T13:51:16","slug":"2026-2","status":"publish","type":"page","link":"https:\/\/www.musikkapelle-latzfons.it\/index.php\/2026-2\/","title":{"rendered":"2026"},"content":{"rendered":"\t\t<div data-elementor-type=\"wp-page\" data-elementor-id=\"4808\" class=\"elementor elementor-4808\">\n\t\t\t\t\t\t<section class=\"elementor-section elementor-top-section elementor-element elementor-element-b6ff26f elementor-section-boxed elementor-section-height-default elementor-section-height-default\" data-id=\"b6ff26f\" data-element_type=\"section\">\n\t\t\t\t\t\t<div class=\"elementor-container elementor-column-gap-default\">\n\t\t\t\t\t<div class=\"elementor-column elementor-col-100 elementor-top-column elementor-element elementor-element-d3159f7\" data-id=\"d3159f7\" data-element_type=\"column\">\n\t\t\t<div class=\"elementor-widget-wrap\">\n\t\t\t\t\t\t\t<\/div>\n\t\t<\/div>\n\t\t\t\t\t<\/div>\n\t\t<\/section>\n\t\t\t\t<section class=\"elementor-section elementor-top-section elementor-element elementor-element-165bbcc6 elementor-section-full_width elementor-section-height-min-height elementor-section-stretched elementor-section-height-default elementor-section-items-middle\" data-id=\"165bbcc6\" data-element_type=\"section\" data-settings=\"{&quot;stretch_section&quot;:&quot;section-stretched&quot;}\">\n\t\t\t\t\t\t\t<div class=\"elementor-background-overlay\"><\/div>\n\t\t\t\t\t\t\t<div class=\"elementor-container elementor-column-gap-default\">\n\t\t\t\t\t<div class=\"elementor-column elementor-col-100 elementor-top-column elementor-element elementor-element-48aff2e0\" data-id=\"48aff2e0\" data-element_type=\"column\">\n\t\t\t<div class=\"elementor-widget-wrap elementor-element-populated\">\n\t\t\t\t\t\t<div class=\"elementor-element elementor-element-390bd989 elementor-widget elementor-widget-heading\" data-id=\"390bd989\" data-element_type=\"widget\" data-widget_type=\"heading.default\">\n\t\t\t\t<div class=\"elementor-widget-container\">\n\t\t\t\t\t<h2 class=\"elementor-heading-title elementor-size-default\">16. J\u00e4nner 2026<\/h2>\t\t\t\t<\/div>\n\t\t\t\t<\/div>\n\t\t\t\t\t<\/div>\n\t\t<\/div>\n\t\t\t\t\t<\/div>\n\t\t<\/section>\n\t\t\t\t<section class=\"elementor-section elementor-top-section elementor-element elementor-element-58b0631e elementor-section-full_width elementor-section-height-min-height elementor-section-stretched elementor-section-height-default elementor-section-items-middle\" data-id=\"58b0631e\" data-element_type=\"section\" data-settings=\"{&quot;stretch_section&quot;:&quot;section-stretched&quot;}\">\n\t\t\t\t\t\t\t<div class=\"elementor-background-overlay\"><\/div>\n\t\t\t\t\t\t\t<div class=\"elementor-container elementor-column-gap-default\">\n\t\t\t\t\t<div class=\"elementor-column elementor-col-100 elementor-top-column elementor-element elementor-element-70f73104\" data-id=\"70f73104\" data-element_type=\"column\">\n\t\t\t<div class=\"elementor-widget-wrap elementor-element-populated\">\n\t\t\t\t\t\t<div class=\"elementor-element elementor-element-4be2ed4 elementor-widget elementor-widget-heading\" data-id=\"4be2ed4\" data-element_type=\"widget\" data-widget_type=\"heading.default\">\n\t\t\t\t<div class=\"elementor-widget-container\">\n\t\t\t\t\t<h2 class=\"elementor-heading-title elementor-size-default\">Verl\u00e4ngerung Sponsorvertrag<\/h2>\t\t\t\t<\/div>\n\t\t\t\t<\/div>\n\t\t\t\t\t<\/div>\n\t\t<\/div>\n\t\t\t\t\t<\/div>\n\t\t<\/section>\n\t\t\t\t<section class=\"elementor-section elementor-top-section elementor-element elementor-element-2c189990 elementor-section-height-min-height elementor-section-stretched elementor-section-full_width elementor-section-height-default elementor-section-items-middle\" data-id=\"2c189990\" data-element_type=\"section\" data-settings=\"{&quot;stretch_section&quot;:&quot;section-stretched&quot;,&quot;background_background&quot;:&quot;classic&quot;}\">\n\t\t\t\t\t\t<div class=\"elementor-container elementor-column-gap-default\">\n\t\t\t\t\t<div class=\"elementor-column elementor-col-100 elementor-top-column elementor-element elementor-element-721cc732\" data-id=\"721cc732\" data-element_type=\"column\">\n\t\t\t<div class=\"elementor-widget-wrap\">\n\t\t\t\t\t\t\t<\/div>\n\t\t<\/div>\n\t\t\t\t\t<\/div>\n\t\t<\/section>\n\t\t\t\t<section class=\"elementor-section elementor-top-section elementor-element elementor-element-78695da0 elementor-section-full_width elementor-section-height-default elementor-section-height-default\" data-id=\"78695da0\" data-element_type=\"section\">\n\t\t\t\t\t\t<div class=\"elementor-container elementor-column-gap-default\">\n\t\t\t\t\t<div class=\"elementor-column elementor-col-100 elementor-top-column elementor-element elementor-element-100d9c61\" data-id=\"100d9c61\" data-element_type=\"column\">\n\t\t\t<div class=\"elementor-widget-wrap elementor-element-populated\">\n\t\t\t\t\t\t<div class=\"elementor-element elementor-element-1bf9d27b elementor-widget elementor-widget-heading\" data-id=\"1bf9d27b\" data-element_type=\"widget\" data-widget_type=\"heading.default\">\n\t\t\t\t<div class=\"elementor-widget-container\">\n\t\t\t\t\t<h2 class=\"elementor-heading-title elementor-size-default\">Die Musikkapelle Latzfons freut sich, den Sponsorvertrag mit der Raiffeisenkasse Unteres Eisacktal auch f\u00fcr ein weiteres Jahr verl\u00e4ngert zu haben. Diese Unterst\u00fctzung tr\u00e4gt wesentlich dazu bei, die musikalische Arbeit sowie die Nachwuchsf\u00f6rderung nachhaltig weiterzuf\u00fchren.\nIm Bild: Josef Pfattner, Obmann der Musikkapelle Latzfons, und Carolin Fischnaller, Gesch\u00e4ftsstellenleiterin der Raiffeisenkasse Unteres Eisacktal.<\/h2>\t\t\t\t<\/div>\n\t\t\t\t<\/div>\n\t\t\t\t<div class=\"elementor-element elementor-element-2d18c51 elementor-widget-divider--view-line elementor-widget elementor-widget-divider\" data-id=\"2d18c51\" data-element_type=\"widget\" data-widget_type=\"divider.default\">\n\t\t\t\t<div class=\"elementor-widget-container\">\n\t\t\t\t\t\t\t<div class=\"elementor-divider\">\n\t\t\t<span class=\"elementor-divider-separator\">\n\t\t\t\t\t\t<\/span>\n\t\t<\/div>\n\t\t\t\t\t\t<\/div>\n\t\t\t\t<\/div>\n\t\t\t\t\t<\/div>\n\t\t<\/div>\n\t\t\t\t\t<\/div>\n\t\t<\/section>\n\t\t\t\t<section class=\"elementor-section elementor-top-section elementor-element elementor-element-c54453d elementor-section-full_width elementor-section-height-min-height elementor-section-stretched elementor-section-height-default elementor-section-items-middle\" data-id=\"c54453d\" data-element_type=\"section\" data-settings=\"{&quot;stretch_section&quot;:&quot;section-stretched&quot;}\">\n\t\t\t\t\t\t\t<div class=\"elementor-background-overlay\"><\/div>\n\t\t\t\t\t\t\t<div class=\"elementor-container elementor-column-gap-default\">\n\t\t\t\t\t<div class=\"elementor-column elementor-col-100 elementor-top-column elementor-element elementor-element-aa7d97d\" data-id=\"aa7d97d\" data-element_type=\"column\">\n\t\t\t<div class=\"elementor-widget-wrap elementor-element-populated\">\n\t\t\t\t\t\t<div class=\"elementor-element elementor-element-9b35a2f elementor-widget elementor-widget-heading\" data-id=\"9b35a2f\" data-element_type=\"widget\" data-widget_type=\"heading.default\">\n\t\t\t\t<div class=\"elementor-widget-container\">\n\t\t\t\t\t<h2 class=\"elementor-heading-title elementor-size-default\">23. J\u00e4nner 2026<\/h2>\t\t\t\t<\/div>\n\t\t\t\t<\/div>\n\t\t\t\t\t<\/div>\n\t\t<\/div>\n\t\t\t\t\t<\/div>\n\t\t<\/section>\n\t\t\t\t<section class=\"elementor-section elementor-top-section elementor-element elementor-element-2c6bff9 elementor-section-full_width elementor-section-height-min-height elementor-section-stretched elementor-section-height-default elementor-section-items-middle\" data-id=\"2c6bff9\" data-element_type=\"section\" data-settings=\"{&quot;stretch_section&quot;:&quot;section-stretched&quot;}\">\n\t\t\t\t\t\t\t<div class=\"elementor-background-overlay\"><\/div>\n\t\t\t\t\t\t\t<div class=\"elementor-container elementor-column-gap-default\">\n\t\t\t\t\t<div class=\"elementor-column elementor-col-100 elementor-top-column elementor-element elementor-element-19f6875\" data-id=\"19f6875\" data-element_type=\"column\">\n\t\t\t<div class=\"elementor-widget-wrap elementor-element-populated\">\n\t\t\t\t\t\t<div class=\"elementor-element elementor-element-bb2965b elementor-widget elementor-widget-heading\" data-id=\"bb2965b\" data-element_type=\"widget\" data-widget_type=\"heading.default\">\n\t\t\t\t<div class=\"elementor-widget-container\">\n\t\t\t\t\t<h2 class=\"elementor-heading-title elementor-size-default\">Flei\u00dfige Musikant*innen pr\u00e4miert<\/h2>\t\t\t\t<\/div>\n\t\t\t\t<\/div>\n\t\t\t\t\t<\/div>\n\t\t<\/div>\n\t\t\t\t\t<\/div>\n\t\t<\/section>\n\t\t\t\t<section class=\"elementor-section elementor-top-section elementor-element elementor-element-31cc9da elementor-section-height-min-height elementor-section-stretched elementor-section-full_width elementor-section-height-default elementor-section-items-middle\" data-id=\"31cc9da\" data-element_type=\"section\" data-settings=\"{&quot;stretch_section&quot;:&quot;section-stretched&quot;,&quot;background_background&quot;:&quot;classic&quot;}\">\n\t\t\t\t\t\t<div class=\"elementor-container elementor-column-gap-default\">\n\t\t\t\t\t<div class=\"elementor-column elementor-col-100 elementor-top-column elementor-element elementor-element-87c3a7a\" data-id=\"87c3a7a\" data-element_type=\"column\">\n\t\t\t<div class=\"elementor-widget-wrap\">\n\t\t\t\t\t\t\t<\/div>\n\t\t<\/div>\n\t\t\t\t\t<\/div>\n\t\t<\/section>\n\t\t\t\t<section class=\"elementor-section elementor-top-section elementor-element elementor-element-7b37828 elementor-section-full_width elementor-section-height-default elementor-section-height-default\" data-id=\"7b37828\" data-element_type=\"section\">\n\t\t\t\t\t\t<div class=\"elementor-container elementor-column-gap-default\">\n\t\t\t\t\t<div class=\"elementor-column elementor-col-100 elementor-top-column elementor-element elementor-element-3584e2b\" data-id=\"3584e2b\" data-element_type=\"column\">\n\t\t\t<div class=\"elementor-widget-wrap elementor-element-populated\">\n\t\t\t\t\t\t<div class=\"elementor-element elementor-element-cf02fc3 elementor-widget elementor-widget-heading\" data-id=\"cf02fc3\" data-element_type=\"widget\" data-widget_type=\"heading.default\">\n\t\t\t\t<div class=\"elementor-widget-container\">\n\t\t\t\t\t<h2 class=\"elementor-heading-title elementor-size-default\">Bei der Vollprobe am 22. J\u00e4nner 2026 wurden die flei\u00dfigsten Musikant*innen geehrt, die im Jahr 2025 weniger als drei Absenzen hatten. Als Zeichen des Dankes f\u00fcr ihren gro\u00dfartigen Einsatz erhielten sie eine Flasche Wei\u00dfwein.\n\nPaul Meraner und Franz Oberrauch haben an allen Proben und Ausr\u00fcckungen teilgenommen. Einmal gefehlt haben Franz Fink, Josef Pfattner und Paul Hasler. Zweimal gefehlt haben Stefan Schrott und Erna Hasler.\nSie sind ein Vorbild an Flei\u00df f\u00fcr die gesamte Musikkapelle.<br><br><span data-elementor-setting-key=\"title\" data-pen-placeholder=\"Eingabe hier...\" style=\"font-style: normal\">Das flei\u00dfigste Register im vergangenen Jahr war nicht mehr das Schlagzeugregister mit 90,3 %, sondern das Saxregister mit 91,4 % Anwesenheit.<\/span><\/h2>\t\t\t\t<\/div>\n\t\t\t\t<\/div>\n\t\t\t\t<div class=\"elementor-element elementor-element-784d6fe elementor-widget-divider--view-line elementor-widget elementor-widget-divider\" data-id=\"784d6fe\" data-element_type=\"widget\" data-widget_type=\"divider.default\">\n\t\t\t\t<div class=\"elementor-widget-container\">\n\t\t\t\t\t\t\t<div class=\"elementor-divider\">\n\t\t\t<span class=\"elementor-divider-separator\">\n\t\t\t\t\t\t<\/span>\n\t\t<\/div>\n\t\t\t\t\t\t<\/div>\n\t\t\t\t<\/div>\n\t\t\t\t\t<\/div>\n\t\t<\/div>\n\t\t\t\t\t<\/div>\n\t\t<\/section>\n\t\t\t\t<section class=\"elementor-section elementor-top-section elementor-element elementor-element-b44f3f0 elementor-section-height-min-height elementor-section-stretched elementor-section-full_width elementor-section-height-default elementor-section-items-middle\" data-id=\"b44f3f0\" data-element_type=\"section\" data-settings=\"{&quot;stretch_section&quot;:&quot;section-stretched&quot;,&quot;background_background&quot;:&quot;classic&quot;}\">\n\t\t\t\t\t\t<div class=\"elementor-container elementor-column-gap-default\">\n\t\t\t\t\t<div class=\"elementor-column elementor-col-100 elementor-top-column elementor-element elementor-element-7b15540\" data-id=\"7b15540\" data-element_type=\"column\">\n\t\t\t<div class=\"elementor-widget-wrap\">\n\t\t\t\t\t\t\t<\/div>\n\t\t<\/div>\n\t\t\t\t\t<\/div>\n\t\t<\/section>\n\t\t\t\t<section class=\"elementor-section elementor-top-section elementor-element elementor-element-72938e8 elementor-section-full_width elementor-section-height-default elementor-section-height-default\" data-id=\"72938e8\" data-element_type=\"section\">\n\t\t\t\t\t\t<div class=\"elementor-container elementor-column-gap-default\">\n\t\t\t\t\t<div class=\"elementor-column elementor-col-100 elementor-top-column elementor-element elementor-element-95dc016\" data-id=\"95dc016\" data-element_type=\"column\">\n\t\t\t<div class=\"elementor-widget-wrap elementor-element-populated\">\n\t\t\t\t\t\t<div class=\"elementor-element elementor-element-8a95368 elementor-widget elementor-widget-heading\" data-id=\"8a95368\" data-element_type=\"widget\" data-widget_type=\"heading.default\">\n\t\t\t\t<div class=\"elementor-widget-container\">\n\t\t\t\t\t<h2 class=\"elementor-heading-title elementor-size-default\">Renate Unterthiner, Meinrad Kerschbaumer, Lisa Pfattner und Kathrin Mitterrutzner.<\/h2>\t\t\t\t<\/div>\n\t\t\t\t<\/div>\n\t\t\t\t<div class=\"elementor-element elementor-element-28695fd elementor-widget-divider--view-line elementor-widget elementor-widget-divider\" data-id=\"28695fd\" data-element_type=\"widget\" data-widget_type=\"divider.default\">\n\t\t\t\t<div class=\"elementor-widget-container\">\n\t\t\t\t\t\t\t<div class=\"elementor-divider\">\n\t\t\t<span class=\"elementor-divider-separator\">\n\t\t\t\t\t\t<\/span>\n\t\t<\/div>\n\t\t\t\t\t\t<\/div>\n\t\t\t\t<\/div>\n\t\t\t\t\t<\/div>\n\t\t<\/div>\n\t\t\t\t\t<\/div>\n\t\t<\/section>\n\t\t\t\t<section class=\"elementor-section elementor-top-section elementor-element elementor-element-7e19205a elementor-section-full_width elementor-section-height-min-height elementor-section-stretched elementor-section-height-default elementor-section-items-middle\" data-id=\"7e19205a\" data-element_type=\"section\" data-settings=\"{&quot;stretch_section&quot;:&quot;section-stretched&quot;}\">\n\t\t\t\t\t\t<div class=\"elementor-container elementor-column-gap-wider\">\n\t\t\t\t\t<div class=\"elementor-column elementor-col-100 elementor-top-column elementor-element elementor-element-108616bd\" data-id=\"108616bd\" data-element_type=\"column\">\n\t\t\t<div class=\"elementor-widget-wrap\">\n\t\t\t\t\t\t\t<\/div>\n\t\t<\/div>\n\t\t\t\t\t<\/div>\n\t\t<\/section>\n\t\t\t\t<\/div>\n\t\t","protected":false},"excerpt":{"rendered":"<p>16. J\u00e4nner 2026 Verl\u00e4ngerung Sponsorvertrag Die Musikkapelle Latzfons freut sich, den Sponsorvertrag mit der Raiffeisenkasse Unteres Eisacktal auch f\u00fcr ein weiteres Jahr verl\u00e4ngert zu haben. Diese Unterst\u00fctzung tr\u00e4gt wesentlich dazu bei, die musikalische Arbeit sowie die Nachwuchsf\u00f6rderung nachhaltig weiterzuf\u00fchren. Im Bild: Josef Pfattner, Obmann der Musikkapelle Latzfons, und Carolin Fischnaller, Gesch\u00e4ftsstellenleiterin der Raiffeisenkasse Unteres Eisacktal. [&hellip;]<\/p>\n","protected":false},"author":1,"featured_media":0,"parent":0,"menu_order":0,"comment_status":"closed","ping_status":"closed","template":"","meta":{"ocean_post_layout":"","ocean_both_sidebars_style":"","ocean_both_sidebars_content_width":0,"ocean_both_sidebars_sidebars_width":0,"ocean_sidebar":"","ocean_second_sidebar":"","ocean_disable_margins":"enable","ocean_add_body_class":"","ocean_shortcode_before_top_bar":"","ocean_shortcode_after_top_bar":"","ocean_shortcode_before_header":"","ocean_shortcode_after_header":"","ocean_has_shortcode":"","ocean_shortcode_after_title":"","ocean_shortcode_before_footer_widgets":"","ocean_shortcode_after_footer_widgets":"","ocean_shortcode_before_footer_bottom":"","ocean_shortcode_after_footer_bottom":"","ocean_display_top_bar":"default","ocean_display_header":"default","ocean_header_style":"","ocean_center_header_left_menu":"","ocean_custom_header_template":"","ocean_custom_logo":0,"ocean_custom_retina_logo":0,"ocean_custom_logo_max_width":0,"ocean_custom_logo_tablet_max_width":0,"ocean_custom_logo_mobile_max_width":0,"ocean_custom_logo_max_height":0,"ocean_custom_logo_tablet_max_height":0,"ocean_custom_logo_mobile_max_height":0,"ocean_header_custom_menu":"","ocean_menu_typo_font_family":"","ocean_menu_typo_font_subset":"","ocean_menu_typo_font_size":0,"ocean_menu_typo_font_size_tablet":0,"ocean_menu_typo_font_size_mobile":0,"ocean_menu_typo_font_size_unit":"px","ocean_menu_typo_font_weight":"","ocean_menu_typo_font_weight_tablet":"","ocean_menu_typo_font_weight_mobile":"","ocean_menu_typo_transform":"","ocean_menu_typo_transform_tablet":"","ocean_menu_typo_transform_mobile":"","ocean_menu_typo_line_height":0,"ocean_menu_typo_line_height_tablet":0,"ocean_menu_typo_line_height_mobile":0,"ocean_menu_typo_line_height_unit":"","ocean_menu_typo_spacing":0,"ocean_menu_typo_spacing_tablet":0,"ocean_menu_typo_spacing_mobile":0,"ocean_menu_typo_spacing_unit":"","ocean_menu_link_color":"","ocean_menu_link_color_hover":"","ocean_menu_link_color_active":"","ocean_menu_link_background":"","ocean_menu_link_hover_background":"","ocean_menu_link_active_background":"","ocean_menu_social_links_bg":"","ocean_menu_social_hover_links_bg":"","ocean_menu_social_links_color":"","ocean_menu_social_hover_links_color":"","ocean_disable_title":"default","ocean_disable_heading":"default","ocean_post_title":"","ocean_post_subheading":"","ocean_post_title_style":"","ocean_post_title_background_color":"","ocean_post_title_background":0,"ocean_post_title_bg_image_position":"","ocean_post_title_bg_image_attachment":"","ocean_post_title_bg_image_repeat":"","ocean_post_title_bg_image_size":"","ocean_post_title_height":0,"ocean_post_title_bg_overlay":0.5,"ocean_post_title_bg_overlay_color":"","ocean_disable_breadcrumbs":"default","ocean_breadcrumbs_color":"","ocean_breadcrumbs_separator_color":"","ocean_breadcrumbs_links_color":"","ocean_breadcrumbs_links_hover_color":"","ocean_display_footer_widgets":"default","ocean_display_footer_bottom":"default","ocean_custom_footer_template":"","h5ap_radio_sources":[],"footnotes":""},"class_list":["post-4808","page","type-page","status-publish","hentry","entry"],"yoast_head":"<!-- This site is optimized with the Yoast SEO plugin v26.8 - https:\/\/yoast.com\/product\/yoast-seo-wordpress\/ -->\r\n<title>2026 - Musikkapelle Latzfons<\/title>\r\n<meta name=\"robots\" content=\"index, follow, max-snippet:-1, max-image-preview:large, max-video-preview:-1\" \/>\r\n<link rel=\"canonical\" href=\"https:\/\/www.musikkapelle-latzfons.it\/index.php\/2026-2\/\" \/>\r\n<meta property=\"og:locale\" content=\"de_DE\" \/>\r\n<meta property=\"og:type\" content=\"article\" \/>\r\n<meta property=\"og:title\" content=\"2026 - Musikkapelle Latzfons\" \/>\r\n<meta property=\"og:description\" content=\"16. J\u00e4nner 2026 Verl\u00e4ngerung Sponsorvertrag Die Musikkapelle Latzfons freut sich, den Sponsorvertrag mit der Raiffeisenkasse Unteres Eisacktal auch f\u00fcr ein weiteres Jahr verl\u00e4ngert zu haben. Diese Unterst\u00fctzung tr\u00e4gt wesentlich dazu bei, die musikalische Arbeit sowie die Nachwuchsf\u00f6rderung nachhaltig weiterzuf\u00fchren. Im Bild: Josef Pfattner, Obmann der Musikkapelle Latzfons, und Carolin Fischnaller, Gesch\u00e4ftsstellenleiterin der Raiffeisenkasse Unteres Eisacktal. [&hellip;]\" \/>\r\n<meta property=\"og:url\" content=\"https:\/\/www.musikkapelle-latzfons.it\/index.php\/2026-2\/\" \/>\r\n<meta property=\"og:site_name\" content=\"Musikkapelle Latzfons\" \/>\r\n<meta property=\"article:modified_time\" content=\"2026-01-23T13:51:16+00:00\" \/>\r\n<meta name=\"twitter:card\" content=\"summary_large_image\" \/>\r\n<meta name=\"twitter:label1\" content=\"Gesch\u00e4tzte Lesezeit\" \/>\n\t<meta name=\"twitter:data1\" content=\"1\u00a0Minute\" \/>\r\n<script type=\"application\/ld+json\" class=\"yoast-schema-graph\">{\"@context\":\"https:\/\/schema.org\",\"@graph\":[{\"@type\":\"WebPage\",\"@id\":\"https:\/\/www.musikkapelle-latzfons.it\/index.php\/2026-2\/\",\"url\":\"https:\/\/www.musikkapelle-latzfons.it\/index.php\/2026-2\/\",\"name\":\"2026 - Musikkapelle Latzfons\",\"isPartOf\":{\"@id\":\"https:\/\/www.musikkapelle-latzfons.it\/#website\"},\"datePublished\":\"2026-01-23T06:04:13+00:00\",\"dateModified\":\"2026-01-23T13:51:16+00:00\",\"breadcrumb\":{\"@id\":\"https:\/\/www.musikkapelle-latzfons.it\/index.php\/2026-2\/#breadcrumb\"},\"inLanguage\":\"de\",\"potentialAction\":[{\"@type\":\"ReadAction\",\"target\":[\"https:\/\/www.musikkapelle-latzfons.it\/index.php\/2026-2\/\"]}]},{\"@type\":\"BreadcrumbList\",\"@id\":\"https:\/\/www.musikkapelle-latzfons.it\/index.php\/2026-2\/#breadcrumb\",\"itemListElement\":[{\"@type\":\"ListItem\",\"position\":1,\"name\":\"Startseite\",\"item\":\"https:\/\/www.musikkapelle-latzfons.it\/\"},{\"@type\":\"ListItem\",\"position\":2,\"name\":\"2026\"}]},{\"@type\":\"WebSite\",\"@id\":\"https:\/\/www.musikkapelle-latzfons.it\/#website\",\"url\":\"https:\/\/www.musikkapelle-latzfons.it\/\",\"name\":\"Musikkapelle Latzfons\",\"description\":\"Das Beste in der Musik steht nicht in den Noten.\",\"publisher\":{\"@id\":\"https:\/\/www.musikkapelle-latzfons.it\/#organization\"},\"potentialAction\":[{\"@type\":\"SearchAction\",\"target\":{\"@type\":\"EntryPoint\",\"urlTemplate\":\"https:\/\/www.musikkapelle-latzfons.it\/?s={search_term_string}\"},\"query-input\":{\"@type\":\"PropertyValueSpecification\",\"valueRequired\":true,\"valueName\":\"search_term_string\"}}],\"inLanguage\":\"de\"},{\"@type\":\"Organization\",\"@id\":\"https:\/\/www.musikkapelle-latzfons.it\/#organization\",\"name\":\"Musikkapelle Latzfons\",\"alternateName\":\"Mk Latzfons\",\"url\":\"https:\/\/www.musikkapelle-latzfons.it\/\",\"logo\":{\"@type\":\"ImageObject\",\"inLanguage\":\"de\",\"@id\":\"https:\/\/www.musikkapelle-latzfons.it\/#\/schema\/logo\/image\/\",\"url\":\"https:\/\/www.musikkapelle-latzfons.it\/wp-content\/uploads\/2022\/03\/cropped-cropped-Logo_neu-1.png\",\"contentUrl\":\"https:\/\/www.musikkapelle-latzfons.it\/wp-content\/uploads\/2022\/03\/cropped-cropped-Logo_neu-1.png\",\"width\":512,\"height\":512,\"caption\":\"Musikkapelle Latzfons\"},\"image\":{\"@id\":\"https:\/\/www.musikkapelle-latzfons.it\/#\/schema\/logo\/image\/\"}}]}<\/script>\r\n<!-- \/ Yoast SEO plugin. -->","yoast_head_json":{"title":"2026 - Musikkapelle Latzfons","robots":{"index":"index","follow":"follow","max-snippet":"max-snippet:-1","max-image-preview":"max-image-preview:large","max-video-preview":"max-video-preview:-1"},"canonical":"https:\/\/www.musikkapelle-latzfons.it\/index.php\/2026-2\/","og_locale":"de_DE","og_type":"article","og_title":"2026 - Musikkapelle Latzfons","og_description":"16. J\u00e4nner 2026 Verl\u00e4ngerung Sponsorvertrag Die Musikkapelle Latzfons freut sich, den Sponsorvertrag mit der Raiffeisenkasse Unteres Eisacktal auch f\u00fcr ein weiteres Jahr verl\u00e4ngert zu haben. Diese Unterst\u00fctzung tr\u00e4gt wesentlich dazu bei, die musikalische Arbeit sowie die Nachwuchsf\u00f6rderung nachhaltig weiterzuf\u00fchren. Im Bild: Josef Pfattner, Obmann der Musikkapelle Latzfons, und Carolin Fischnaller, Gesch\u00e4ftsstellenleiterin der Raiffeisenkasse Unteres Eisacktal. [&hellip;]","og_url":"https:\/\/www.musikkapelle-latzfons.it\/index.php\/2026-2\/","og_site_name":"Musikkapelle Latzfons","article_modified_time":"2026-01-23T13:51:16+00:00","twitter_card":"summary_large_image","twitter_misc":{"Gesch\u00e4tzte Lesezeit":"1\u00a0Minute"},"schema":{"@context":"https:\/\/schema.org","@graph":[{"@type":"WebPage","@id":"https:\/\/www.musikkapelle-latzfons.it\/index.php\/2026-2\/","url":"https:\/\/www.musikkapelle-latzfons.it\/index.php\/2026-2\/","name":"2026 - Musikkapelle Latzfons","isPartOf":{"@id":"https:\/\/www.musikkapelle-latzfons.it\/#website"},"datePublished":"2026-01-23T06:04:13+00:00","dateModified":"2026-01-23T13:51:16+00:00","breadcrumb":{"@id":"https:\/\/www.musikkapelle-latzfons.it\/index.php\/2026-2\/#breadcrumb"},"inLanguage":"de","potentialAction":[{"@type":"ReadAction","target":["https:\/\/www.musikkapelle-latzfons.it\/index.php\/2026-2\/"]}]},{"@type":"BreadcrumbList","@id":"https:\/\/www.musikkapelle-latzfons.it\/index.php\/2026-2\/#breadcrumb","itemListElement":[{"@type":"ListItem","position":1,"name":"Startseite","item":"https:\/\/www.musikkapelle-latzfons.it\/"},{"@type":"ListItem","position":2,"name":"2026"}]},{"@type":"WebSite","@id":"https:\/\/www.musikkapelle-latzfons.it\/#website","url":"https:\/\/www.musikkapelle-latzfons.it\/","name":"Musikkapelle Latzfons","description":"Das Beste in der Musik steht nicht in den Noten.","publisher":{"@id":"https:\/\/www.musikkapelle-latzfons.it\/#organization"},"potentialAction":[{"@type":"SearchAction","target":{"@type":"EntryPoint","urlTemplate":"https:\/\/www.musikkapelle-latzfons.it\/?s={search_term_string}"},"query-input":{"@type":"PropertyValueSpecification","valueRequired":true,"valueName":"search_term_string"}}],"inLanguage":"de"},{"@type":"Organization","@id":"https:\/\/www.musikkapelle-latzfons.it\/#organization","name":"Musikkapelle Latzfons","alternateName":"Mk Latzfons","url":"https:\/\/www.musikkapelle-latzfons.it\/","logo":{"@type":"ImageObject","inLanguage":"de","@id":"https:\/\/www.musikkapelle-latzfons.it\/#\/schema\/logo\/image\/","url":"https:\/\/www.musikkapelle-latzfons.it\/wp-content\/uploads\/2022\/03\/cropped-cropped-Logo_neu-1.png","contentUrl":"https:\/\/www.musikkapelle-latzfons.it\/wp-content\/uploads\/2022\/03\/cropped-cropped-Logo_neu-1.png","width":512,"height":512,"caption":"Musikkapelle Latzfons"},"image":{"@id":"https:\/\/www.musikkapelle-latzfons.it\/#\/schema\/logo\/image\/"}}]}},"_links":{"self":[{"href":"https:\/\/www.musikkapelle-latzfons.it\/index.php\/wp-json\/wp\/v2\/pages\/4808","targetHints":{"allow":["GET"]}}],"collection":[{"href":"https:\/\/www.musikkapelle-latzfons.it\/index.php\/wp-json\/wp\/v2\/pages"}],"about":[{"href":"https:\/\/www.musikkapelle-latzfons.it\/index.php\/wp-json\/wp\/v2\/types\/page"}],"author":[{"embeddable":true,"href":"https:\/\/www.musikkapelle-latzfons.it\/index.php\/wp-json\/wp\/v2\/users\/1"}],"replies":[{"embeddable":true,"href":"https:\/\/www.musikkapelle-latzfons.it\/index.php\/wp-json\/wp\/v2\/comments?post=4808"}],"version-history":[{"count":5,"href":"https:\/\/www.musikkapelle-latzfons.it\/index.php\/wp-json\/wp\/v2\/pages\/4808\/revisions"}],"predecessor-version":[{"id":4820,"href":"https:\/\/www.musikkapelle-latzfons.it\/index.php\/wp-json\/wp\/v2\/pages\/4808\/revisions\/4820"}],"wp:attachment":[{"href":"https:\/\/www.musikkapelle-latzfons.it\/index.php\/wp-json\/wp\/v2\/media?parent=4808"}],"curies":[{"name":"wp","href":"https:\/\/api.w.org\/{rel}","templated":true}]}}