{"id":400,"date":"2022-04-03T17:16:12","date_gmt":"2022-04-03T15:16:12","guid":{"rendered":"https:\/\/www.musikkapelle-latzfons.it\/?page_id=400"},"modified":"2024-07-12T15:16:12","modified_gmt":"2024-07-12T13:16:12","slug":"gruppen","status":"publish","type":"page","link":"https:\/\/www.musikkapelle-latzfons.it\/index.php\/gruppen\/","title":{"rendered":"Gruppen"},"content":{"rendered":"\t\t<div data-elementor-type=\"wp-page\" data-elementor-id=\"400\" class=\"elementor elementor-400\">\n\t\t\t\t\t\t<section class=\"elementor-section elementor-top-section elementor-element elementor-element-65e411a elementor-section-full_width elementor-section-height-min-height elementor-section-stretched elementor-section-height-default elementor-section-items-middle\" data-id=\"65e411a\" data-element_type=\"section\" data-settings=\"{&quot;stretch_section&quot;:&quot;section-stretched&quot;,&quot;background_background&quot;:&quot;classic&quot;}\">\n\t\t\t\t\t\t<div class=\"elementor-container elementor-column-gap-default\">\n\t\t\t\t\t<div class=\"elementor-column elementor-col-100 elementor-top-column elementor-element elementor-element-69db765\" data-id=\"69db765\" data-element_type=\"column\">\n\t\t\t<div class=\"elementor-widget-wrap\">\n\t\t\t\t\t\t\t<\/div>\n\t\t<\/div>\n\t\t\t\t\t<\/div>\n\t\t<\/section>\n\t\t\t\t<section class=\"elementor-section elementor-top-section elementor-element elementor-element-ce36ab5 elementor-section-full_width elementor-section-height-min-height elementor-section-stretched elementor-section-height-default elementor-section-items-middle\" data-id=\"ce36ab5\" data-element_type=\"section\" data-settings=\"{&quot;stretch_section&quot;:&quot;section-stretched&quot;,&quot;background_background&quot;:&quot;classic&quot;}\">\n\t\t\t\t\t\t<div class=\"elementor-container elementor-column-gap-default\">\n\t\t\t\t\t<div class=\"elementor-column elementor-col-100 elementor-top-column elementor-element elementor-element-0dea880\" data-id=\"0dea880\" data-element_type=\"column\">\n\t\t\t<div class=\"elementor-widget-wrap elementor-element-populated\">\n\t\t\t\t\t\t<div class=\"elementor-element elementor-element-cde62ba elementor-widget elementor-widget-heading\" data-id=\"cde62ba\" data-element_type=\"widget\" data-widget_type=\"heading.default\">\n\t\t\t\t<div class=\"elementor-widget-container\">\n\t\t\t\t\t<h2 class=\"elementor-heading-title elementor-size-default\">Brassquintett Latzfons<\/h2>\t\t\t\t<\/div>\n\t\t\t\t<\/div>\n\t\t\t\t\t<\/div>\n\t\t<\/div>\n\t\t\t\t\t<\/div>\n\t\t<\/section>\n\t\t\t\t<section class=\"elementor-section elementor-top-section elementor-element elementor-element-4c96fdf elementor-section-boxed elementor-section-height-default elementor-section-height-default\" data-id=\"4c96fdf\" data-element_type=\"section\">\n\t\t\t\t\t\t<div class=\"elementor-container elementor-column-gap-default\">\n\t\t\t\t\t<div class=\"elementor-column elementor-col-100 elementor-top-column elementor-element elementor-element-b713d53\" data-id=\"b713d53\" data-element_type=\"column\">\n\t\t\t<div class=\"elementor-widget-wrap elementor-element-populated\">\n\t\t\t\t\t\t<div class=\"elementor-element elementor-element-78d9cb2 elementor-widget elementor-widget-text-editor\" data-id=\"78d9cb2\" data-element_type=\"widget\" data-widget_type=\"text-editor.default\">\n\t\t\t\t<div class=\"elementor-widget-container\">\n\t\t\t\t\t\t\t\t\t<p>Das &#8222;Brassquintett Latzfons&#8220; wurde im Jahre 2017 von Thomas Gantioler gegr\u00fcndet. Am 1. Oktober 2017 gestalteten sie das erste Mal die Heilige Messe in Latzfons mit. Seitdem spielen sie sporadisch \u00fcber das Jahr verteilt, vorwiegend zu kirchlichen Anl\u00e4ssen.\u00a0<\/p><p>Zu dem Repertoire geh\u00f6ren haupts\u00e4chlich Lobges\u00e4nge und getragende St\u00fccke.<\/p>\t\t\t\t\t\t\t\t<\/div>\n\t\t\t\t<\/div>\n\t\t\t\t\t<\/div>\n\t\t<\/div>\n\t\t\t\t\t<\/div>\n\t\t<\/section>\n\t\t\t\t<section class=\"elementor-section elementor-top-section elementor-element elementor-element-8757e4d elementor-section-full_width elementor-section-height-min-height elementor-section-stretched elementor-section-height-default elementor-section-items-middle\" data-id=\"8757e4d\" data-element_type=\"section\" data-settings=\"{&quot;stretch_section&quot;:&quot;section-stretched&quot;,&quot;background_background&quot;:&quot;classic&quot;}\">\n\t\t\t\t\t\t<div class=\"elementor-container elementor-column-gap-default\">\n\t\t\t\t\t<div class=\"elementor-column elementor-col-100 elementor-top-column elementor-element elementor-element-e87289e\" data-id=\"e87289e\" data-element_type=\"column\">\n\t\t\t<div class=\"elementor-widget-wrap\">\n\t\t\t\t\t\t\t<\/div>\n\t\t<\/div>\n\t\t\t\t\t<\/div>\n\t\t<\/section>\n\t\t\t\t<section class=\"elementor-section elementor-top-section elementor-element elementor-element-b92517c elementor-section-full_width elementor-section-height-min-height elementor-section-stretched elementor-section-height-default elementor-section-items-middle\" data-id=\"b92517c\" data-element_type=\"section\" data-settings=\"{&quot;stretch_section&quot;:&quot;section-stretched&quot;,&quot;background_background&quot;:&quot;classic&quot;}\">\n\t\t\t\t\t\t<div class=\"elementor-container elementor-column-gap-default\">\n\t\t\t\t\t<div class=\"elementor-column elementor-col-100 elementor-top-column elementor-element elementor-element-8b78369\" data-id=\"8b78369\" data-element_type=\"column\">\n\t\t\t<div class=\"elementor-widget-wrap elementor-element-populated\">\n\t\t\t\t\t\t<div class=\"elementor-element elementor-element-81d0386 elementor-widget elementor-widget-heading\" data-id=\"81d0386\" data-element_type=\"widget\" data-widget_type=\"heading.default\">\n\t\t\t\t<div class=\"elementor-widget-container\">\n\t\t\t\t\t<h2 class=\"elementor-heading-title elementor-size-default\">Latzfonser Musikanten<\/h2>\t\t\t\t<\/div>\n\t\t\t\t<\/div>\n\t\t\t\t\t<\/div>\n\t\t<\/div>\n\t\t\t\t\t<\/div>\n\t\t<\/section>\n\t\t\t\t<section class=\"elementor-section elementor-top-section elementor-element elementor-element-552fe3a elementor-section-boxed elementor-section-height-default elementor-section-height-default\" data-id=\"552fe3a\" data-element_type=\"section\">\n\t\t\t\t\t\t<div class=\"elementor-container elementor-column-gap-default\">\n\t\t\t\t\t<div class=\"elementor-column elementor-col-100 elementor-top-column elementor-element elementor-element-a7bd034\" data-id=\"a7bd034\" data-element_type=\"column\">\n\t\t\t<div class=\"elementor-widget-wrap elementor-element-populated\">\n\t\t\t\t\t\t<div class=\"elementor-element elementor-element-13c2257 elementor-widget elementor-widget-text-editor\" data-id=\"13c2257\" data-element_type=\"widget\" data-widget_type=\"text-editor.default\">\n\t\t\t\t<div class=\"elementor-widget-container\">\n\t\t\t\t\t\t\t\t\t<p>Die\u00a0<a href=\"https:\/\/www.facebook.com\/LatzonserMusikanten\/\" target=\"_blank\" rel=\"noopener\">&#8222;Latzfonser Musikanten&#8220;<\/a>\u00a0wurden 2005 von Thomas Gantioler gegr\u00fcndet. Die Gruppe spielt nicht permanent zusammen, sondern f\u00fchrte in den letzten Jahren mehrere kleinere und gr\u00f6\u00dfere musikalische Projekte durch. Es werden durchschnittlich zwei bis drei Auftritte im Jahr sein, bei denen die &#8222;Latzfonser Musikanten&#8220; Egerl\u00e4nder Kl\u00e4nge zum Besten geben.<\/p><p>So war die Formation schon 2008, 2016 und 2023 mit gro\u00dfem Erfolg beim Festival der b\u00f6hmisch-m\u00e4hrischen Blasmusik in M\u00fchlbach mit dabei.<\/p>\t\t\t\t\t\t\t\t<\/div>\n\t\t\t\t<\/div>\n\t\t\t\t\t<\/div>\n\t\t<\/div>\n\t\t\t\t\t<\/div>\n\t\t<\/section>\n\t\t\t\t<section class=\"elementor-section elementor-top-section elementor-element elementor-element-d870c96 elementor-section-full_width elementor-section-height-min-height elementor-section-stretched elementor-section-height-default elementor-section-items-middle\" data-id=\"d870c96\" data-element_type=\"section\" data-settings=\"{&quot;stretch_section&quot;:&quot;section-stretched&quot;,&quot;background_background&quot;:&quot;classic&quot;}\">\n\t\t\t\t\t\t<div class=\"elementor-container elementor-column-gap-default\">\n\t\t\t\t\t<div class=\"elementor-column elementor-col-100 elementor-top-column elementor-element elementor-element-61c5a71\" data-id=\"61c5a71\" data-element_type=\"column\">\n\t\t\t<div class=\"elementor-widget-wrap\">\n\t\t\t\t\t\t\t<\/div>\n\t\t<\/div>\n\t\t\t\t\t<\/div>\n\t\t<\/section>\n\t\t\t\t<section class=\"elementor-section elementor-top-section elementor-element elementor-element-792967f elementor-section-full_width elementor-section-height-min-height elementor-section-stretched elementor-section-height-default elementor-section-items-middle\" data-id=\"792967f\" data-element_type=\"section\" data-settings=\"{&quot;stretch_section&quot;:&quot;section-stretched&quot;,&quot;background_background&quot;:&quot;classic&quot;}\">\n\t\t\t\t\t\t<div class=\"elementor-container elementor-column-gap-default\">\n\t\t\t\t\t<div class=\"elementor-column elementor-col-100 elementor-top-column elementor-element elementor-element-8b87dc6\" data-id=\"8b87dc6\" data-element_type=\"column\">\n\t\t\t<div class=\"elementor-widget-wrap elementor-element-populated\">\n\t\t\t\t\t\t<div class=\"elementor-element elementor-element-45b71a7 elementor-widget elementor-widget-heading\" data-id=\"45b71a7\" data-element_type=\"widget\" data-widget_type=\"heading.default\">\n\t\t\t\t<div class=\"elementor-widget-container\">\n\t\t\t\t\t<h2 class=\"elementor-heading-title elementor-size-default\">K\u00dcHBERG 4<\/h2>\t\t\t\t<\/div>\n\t\t\t\t<\/div>\n\t\t\t\t\t<\/div>\n\t\t<\/div>\n\t\t\t\t\t<\/div>\n\t\t<\/section>\n\t\t\t\t<section class=\"elementor-section elementor-top-section elementor-element elementor-element-c51c713 elementor-section-boxed elementor-section-height-default elementor-section-height-default\" data-id=\"c51c713\" data-element_type=\"section\">\n\t\t\t\t\t\t<div class=\"elementor-container elementor-column-gap-default\">\n\t\t\t\t\t<div class=\"elementor-column elementor-col-100 elementor-top-column elementor-element elementor-element-ab802d2\" data-id=\"ab802d2\" data-element_type=\"column\">\n\t\t\t<div class=\"elementor-widget-wrap elementor-element-populated\">\n\t\t\t\t\t\t<div class=\"elementor-element elementor-element-5e7bf94 elementor-widget elementor-widget-text-editor\" data-id=\"5e7bf94\" data-element_type=\"widget\" data-widget_type=\"text-editor.default\">\n\t\t\t\t<div class=\"elementor-widget-container\">\n\t\t\t\t\t\t\t\t\t<p>Gegr\u00fcndet wurde die Gruppe &#8222;<a href=\"https:\/\/www.dievierlatzfonser.com\" target=\"_blank\" rel=\"noopener\">Die Vier Latzfonser<\/a>&#8220; im Jahre 2012 von Josef Unterthiner &#8222;Huaber Sepp&#8220;, der sich im Jahre 2020 in Ruhestand begeben hat. Seitdem hat Thomas Gantioler die musikalische Leitung inne.<\/p>\n<p>Im Jahre 2024 haben sich die Vier Latzfonser f\u00fcr einen neuen Namen entschieden, K\u00fchberg 4 hat letzten Endes alle \u00fcberzeugt und hat somit das Rennen gemacht.<\/p>\n<p>F\u00fcr alle Mitglieder ist das Musizieren in dieser Gruppe vor allem eine gro\u00dfe Freude und jeder legt seine ganz pers\u00f6nliche Leidenschaft mit hinein.<\/p>\t\t\t\t\t\t\t\t<\/div>\n\t\t\t\t<\/div>\n\t\t\t\t\t<\/div>\n\t\t<\/div>\n\t\t\t\t\t<\/div>\n\t\t<\/section>\n\t\t\t\t<section class=\"elementor-section elementor-top-section elementor-element elementor-element-ed62895 elementor-section-boxed elementor-section-height-default elementor-section-height-default\" data-id=\"ed62895\" data-element_type=\"section\">\n\t\t\t\t\t\t<div class=\"elementor-container elementor-column-gap-default\">\n\t\t\t\t\t<div class=\"elementor-column elementor-col-100 elementor-top-column elementor-element elementor-element-314bd9b\" data-id=\"314bd9b\" data-element_type=\"column\">\n\t\t\t<div class=\"elementor-widget-wrap elementor-element-populated\">\n\t\t\t\t\t\t<div class=\"elementor-element elementor-element-d3f1373 elementor-widget elementor-widget-heading\" data-id=\"d3f1373\" data-element_type=\"widget\" data-widget_type=\"heading.default\">\n\t\t\t\t<div class=\"elementor-widget-container\">\n\t\t\t\t\t<h2 class=\"elementor-heading-title elementor-size-default\"><a href=\"https:\/\/www.dievierlatzfonser.com\">https:\/\/www.dievierlatzfonser.com<\/a><\/h2>\t\t\t\t<\/div>\n\t\t\t\t<\/div>\n\t\t\t\t\t<\/div>\n\t\t<\/div>\n\t\t\t\t\t<\/div>\n\t\t<\/section>\n\t\t\t\t<\/div>\n\t\t","protected":false},"excerpt":{"rendered":"<p>Brassquintett Latzfons Das &#8222;Brassquintett Latzfons&#8220; wurde im Jahre 2017 von Thomas Gantioler gegr\u00fcndet. Am 1. Oktober 2017 gestalteten sie das erste Mal die Heilige Messe in Latzfons mit. Seitdem spielen sie sporadisch \u00fcber das Jahr verteilt, vorwiegend zu kirchlichen Anl\u00e4ssen.\u00a0 Zu dem Repertoire geh\u00f6ren haupts\u00e4chlich Lobges\u00e4nge und getragende St\u00fccke. Latzfonser Musikanten Die\u00a0&#8222;Latzfonser Musikanten&#8220;\u00a0wurden 2005 von [&hellip;]<\/p>\n","protected":false},"author":1,"featured_media":0,"parent":0,"menu_order":0,"comment_status":"closed","ping_status":"closed","template":"elementor_theme","meta":{"ocean_post_layout":"","ocean_both_sidebars_style":"","ocean_both_sidebars_content_width":0,"ocean_both_sidebars_sidebars_width":0,"ocean_sidebar":"0","ocean_second_sidebar":"0","ocean_disable_margins":"enable","ocean_add_body_class":"","ocean_shortcode_before_top_bar":"","ocean_shortcode_after_top_bar":"","ocean_shortcode_before_header":"","ocean_shortcode_after_header":"","ocean_has_shortcode":"","ocean_shortcode_after_title":"","ocean_shortcode_before_footer_widgets":"","ocean_shortcode_after_footer_widgets":"","ocean_shortcode_before_footer_bottom":"","ocean_shortcode_after_footer_bottom":"","ocean_display_top_bar":"default","ocean_display_header":"default","ocean_header_style":"","ocean_center_header_left_menu":"0","ocean_custom_header_template":"0","ocean_custom_logo":0,"ocean_custom_retina_logo":0,"ocean_custom_logo_max_width":0,"ocean_custom_logo_tablet_max_width":0,"ocean_custom_logo_mobile_max_width":0,"ocean_custom_logo_max_height":0,"ocean_custom_logo_tablet_max_height":0,"ocean_custom_logo_mobile_max_height":0,"ocean_header_custom_menu":"0","ocean_menu_typo_font_family":"0","ocean_menu_typo_font_subset":"","ocean_menu_typo_font_size":0,"ocean_menu_typo_font_size_tablet":0,"ocean_menu_typo_font_size_mobile":0,"ocean_menu_typo_font_size_unit":"px","ocean_menu_typo_font_weight":"","ocean_menu_typo_font_weight_tablet":"","ocean_menu_typo_font_weight_mobile":"","ocean_menu_typo_transform":"","ocean_menu_typo_transform_tablet":"","ocean_menu_typo_transform_mobile":"","ocean_menu_typo_line_height":0,"ocean_menu_typo_line_height_tablet":0,"ocean_menu_typo_line_height_mobile":0,"ocean_menu_typo_line_height_unit":"","ocean_menu_typo_spacing":0,"ocean_menu_typo_spacing_tablet":0,"ocean_menu_typo_spacing_mobile":0,"ocean_menu_typo_spacing_unit":"","ocean_menu_link_color":"","ocean_menu_link_color_hover":"","ocean_menu_link_color_active":"","ocean_menu_link_background":"","ocean_menu_link_hover_background":"","ocean_menu_link_active_background":"","ocean_menu_social_links_bg":"","ocean_menu_social_hover_links_bg":"","ocean_menu_social_links_color":"","ocean_menu_social_hover_links_color":"","ocean_disable_title":"on","ocean_disable_heading":"default","ocean_post_title":"","ocean_post_subheading":"","ocean_post_title_style":"","ocean_post_title_background_color":"","ocean_post_title_background":0,"ocean_post_title_bg_image_position":"","ocean_post_title_bg_image_attachment":"","ocean_post_title_bg_image_repeat":"","ocean_post_title_bg_image_size":"","ocean_post_title_height":0,"ocean_post_title_bg_overlay":0.5,"ocean_post_title_bg_overlay_color":"","ocean_disable_breadcrumbs":"default","ocean_breadcrumbs_color":"","ocean_breadcrumbs_separator_color":"","ocean_breadcrumbs_links_color":"","ocean_breadcrumbs_links_hover_color":"","ocean_display_footer_widgets":"default","ocean_display_footer_bottom":"default","ocean_custom_footer_template":"0","h5ap_radio_sources":[],"footnotes":""},"class_list":["post-400","page","type-page","status-publish","hentry","entry"],"yoast_head":"<!-- This site is optimized with the Yoast SEO plugin v26.8 - https:\/\/yoast.com\/product\/yoast-seo-wordpress\/ -->\r\n<title>Gruppen - Musikkapelle Latzfons<\/title>\r\n<meta name=\"robots\" content=\"index, follow, max-snippet:-1, max-image-preview:large, max-video-preview:-1\" \/>\r\n<link rel=\"canonical\" href=\"https:\/\/www.musikkapelle-latzfons.it\/index.php\/gruppen\/\" \/>\r\n<meta property=\"og:locale\" content=\"de_DE\" \/>\r\n<meta property=\"og:type\" content=\"article\" \/>\r\n<meta property=\"og:title\" content=\"Gruppen - Musikkapelle Latzfons\" \/>\r\n<meta property=\"og:description\" content=\"Brassquintett Latzfons Das &#8222;Brassquintett Latzfons&#8220; wurde im Jahre 2017 von Thomas Gantioler gegr\u00fcndet. Am 1. Oktober 2017 gestalteten sie das erste Mal die Heilige Messe in Latzfons mit. Seitdem spielen sie sporadisch \u00fcber das Jahr verteilt, vorwiegend zu kirchlichen Anl\u00e4ssen.\u00a0 Zu dem Repertoire geh\u00f6ren haupts\u00e4chlich Lobges\u00e4nge und getragende St\u00fccke. Latzfonser Musikanten Die\u00a0&#8222;Latzfonser Musikanten&#8220;\u00a0wurden 2005 von [&hellip;]\" \/>\r\n<meta property=\"og:url\" content=\"https:\/\/www.musikkapelle-latzfons.it\/index.php\/gruppen\/\" \/>\r\n<meta property=\"og:site_name\" content=\"Musikkapelle Latzfons\" \/>\r\n<meta property=\"article:modified_time\" content=\"2024-07-12T13:16:12+00:00\" \/>\r\n<meta name=\"twitter:card\" content=\"summary_large_image\" \/>\r\n<meta name=\"twitter:label1\" content=\"Gesch\u00e4tzte Lesezeit\" \/>\n\t<meta name=\"twitter:data1\" content=\"2\u00a0Minuten\" \/>\r\n<script type=\"application\/ld+json\" class=\"yoast-schema-graph\">{\"@context\":\"https:\/\/schema.org\",\"@graph\":[{\"@type\":\"WebPage\",\"@id\":\"https:\/\/www.musikkapelle-latzfons.it\/index.php\/gruppen\/\",\"url\":\"https:\/\/www.musikkapelle-latzfons.it\/index.php\/gruppen\/\",\"name\":\"Gruppen - Musikkapelle Latzfons\",\"isPartOf\":{\"@id\":\"https:\/\/www.musikkapelle-latzfons.it\/#website\"},\"datePublished\":\"2022-04-03T15:16:12+00:00\",\"dateModified\":\"2024-07-12T13:16:12+00:00\",\"breadcrumb\":{\"@id\":\"https:\/\/www.musikkapelle-latzfons.it\/index.php\/gruppen\/#breadcrumb\"},\"inLanguage\":\"de\",\"potentialAction\":[{\"@type\":\"ReadAction\",\"target\":[\"https:\/\/www.musikkapelle-latzfons.it\/index.php\/gruppen\/\"]}]},{\"@type\":\"BreadcrumbList\",\"@id\":\"https:\/\/www.musikkapelle-latzfons.it\/index.php\/gruppen\/#breadcrumb\",\"itemListElement\":[{\"@type\":\"ListItem\",\"position\":1,\"name\":\"Startseite\",\"item\":\"https:\/\/www.musikkapelle-latzfons.it\/\"},{\"@type\":\"ListItem\",\"position\":2,\"name\":\"Gruppen\"}]},{\"@type\":\"WebSite\",\"@id\":\"https:\/\/www.musikkapelle-latzfons.it\/#website\",\"url\":\"https:\/\/www.musikkapelle-latzfons.it\/\",\"name\":\"Musikkapelle Latzfons\",\"description\":\"Das Beste in der Musik steht nicht in den Noten.\",\"publisher\":{\"@id\":\"https:\/\/www.musikkapelle-latzfons.it\/#organization\"},\"potentialAction\":[{\"@type\":\"SearchAction\",\"target\":{\"@type\":\"EntryPoint\",\"urlTemplate\":\"https:\/\/www.musikkapelle-latzfons.it\/?s={search_term_string}\"},\"query-input\":{\"@type\":\"PropertyValueSpecification\",\"valueRequired\":true,\"valueName\":\"search_term_string\"}}],\"inLanguage\":\"de\"},{\"@type\":\"Organization\",\"@id\":\"https:\/\/www.musikkapelle-latzfons.it\/#organization\",\"name\":\"Musikkapelle Latzfons\",\"alternateName\":\"Mk Latzfons\",\"url\":\"https:\/\/www.musikkapelle-latzfons.it\/\",\"logo\":{\"@type\":\"ImageObject\",\"inLanguage\":\"de\",\"@id\":\"https:\/\/www.musikkapelle-latzfons.it\/#\/schema\/logo\/image\/\",\"url\":\"https:\/\/www.musikkapelle-latzfons.it\/wp-content\/uploads\/2022\/03\/cropped-cropped-Logo_neu-1.png\",\"contentUrl\":\"https:\/\/www.musikkapelle-latzfons.it\/wp-content\/uploads\/2022\/03\/cropped-cropped-Logo_neu-1.png\",\"width\":512,\"height\":512,\"caption\":\"Musikkapelle Latzfons\"},\"image\":{\"@id\":\"https:\/\/www.musikkapelle-latzfons.it\/#\/schema\/logo\/image\/\"}}]}<\/script>\r\n<!-- \/ Yoast SEO plugin. -->","yoast_head_json":{"title":"Gruppen - Musikkapelle Latzfons","robots":{"index":"index","follow":"follow","max-snippet":"max-snippet:-1","max-image-preview":"max-image-preview:large","max-video-preview":"max-video-preview:-1"},"canonical":"https:\/\/www.musikkapelle-latzfons.it\/index.php\/gruppen\/","og_locale":"de_DE","og_type":"article","og_title":"Gruppen - Musikkapelle Latzfons","og_description":"Brassquintett Latzfons Das &#8222;Brassquintett Latzfons&#8220; wurde im Jahre 2017 von Thomas Gantioler gegr\u00fcndet. Am 1. Oktober 2017 gestalteten sie das erste Mal die Heilige Messe in Latzfons mit. Seitdem spielen sie sporadisch \u00fcber das Jahr verteilt, vorwiegend zu kirchlichen Anl\u00e4ssen.\u00a0 Zu dem Repertoire geh\u00f6ren haupts\u00e4chlich Lobges\u00e4nge und getragende St\u00fccke. Latzfonser Musikanten Die\u00a0&#8222;Latzfonser Musikanten&#8220;\u00a0wurden 2005 von [&hellip;]","og_url":"https:\/\/www.musikkapelle-latzfons.it\/index.php\/gruppen\/","og_site_name":"Musikkapelle Latzfons","article_modified_time":"2024-07-12T13:16:12+00:00","twitter_card":"summary_large_image","twitter_misc":{"Gesch\u00e4tzte Lesezeit":"2\u00a0Minuten"},"schema":{"@context":"https:\/\/schema.org","@graph":[{"@type":"WebPage","@id":"https:\/\/www.musikkapelle-latzfons.it\/index.php\/gruppen\/","url":"https:\/\/www.musikkapelle-latzfons.it\/index.php\/gruppen\/","name":"Gruppen - Musikkapelle Latzfons","isPartOf":{"@id":"https:\/\/www.musikkapelle-latzfons.it\/#website"},"datePublished":"2022-04-03T15:16:12+00:00","dateModified":"2024-07-12T13:16:12+00:00","breadcrumb":{"@id":"https:\/\/www.musikkapelle-latzfons.it\/index.php\/gruppen\/#breadcrumb"},"inLanguage":"de","potentialAction":[{"@type":"ReadAction","target":["https:\/\/www.musikkapelle-latzfons.it\/index.php\/gruppen\/"]}]},{"@type":"BreadcrumbList","@id":"https:\/\/www.musikkapelle-latzfons.it\/index.php\/gruppen\/#breadcrumb","itemListElement":[{"@type":"ListItem","position":1,"name":"Startseite","item":"https:\/\/www.musikkapelle-latzfons.it\/"},{"@type":"ListItem","position":2,"name":"Gruppen"}]},{"@type":"WebSite","@id":"https:\/\/www.musikkapelle-latzfons.it\/#website","url":"https:\/\/www.musikkapelle-latzfons.it\/","name":"Musikkapelle Latzfons","description":"Das Beste in der Musik steht nicht in den Noten.","publisher":{"@id":"https:\/\/www.musikkapelle-latzfons.it\/#organization"},"potentialAction":[{"@type":"SearchAction","target":{"@type":"EntryPoint","urlTemplate":"https:\/\/www.musikkapelle-latzfons.it\/?s={search_term_string}"},"query-input":{"@type":"PropertyValueSpecification","valueRequired":true,"valueName":"search_term_string"}}],"inLanguage":"de"},{"@type":"Organization","@id":"https:\/\/www.musikkapelle-latzfons.it\/#organization","name":"Musikkapelle Latzfons","alternateName":"Mk Latzfons","url":"https:\/\/www.musikkapelle-latzfons.it\/","logo":{"@type":"ImageObject","inLanguage":"de","@id":"https:\/\/www.musikkapelle-latzfons.it\/#\/schema\/logo\/image\/","url":"https:\/\/www.musikkapelle-latzfons.it\/wp-content\/uploads\/2022\/03\/cropped-cropped-Logo_neu-1.png","contentUrl":"https:\/\/www.musikkapelle-latzfons.it\/wp-content\/uploads\/2022\/03\/cropped-cropped-Logo_neu-1.png","width":512,"height":512,"caption":"Musikkapelle Latzfons"},"image":{"@id":"https:\/\/www.musikkapelle-latzfons.it\/#\/schema\/logo\/image\/"}}]}},"_links":{"self":[{"href":"https:\/\/www.musikkapelle-latzfons.it\/index.php\/wp-json\/wp\/v2\/pages\/400","targetHints":{"allow":["GET"]}}],"collection":[{"href":"https:\/\/www.musikkapelle-latzfons.it\/index.php\/wp-json\/wp\/v2\/pages"}],"about":[{"href":"https:\/\/www.musikkapelle-latzfons.it\/index.php\/wp-json\/wp\/v2\/types\/page"}],"author":[{"embeddable":true,"href":"https:\/\/www.musikkapelle-latzfons.it\/index.php\/wp-json\/wp\/v2\/users\/1"}],"replies":[{"embeddable":true,"href":"https:\/\/www.musikkapelle-latzfons.it\/index.php\/wp-json\/wp\/v2\/comments?post=400"}],"version-history":[{"count":81,"href":"https:\/\/www.musikkapelle-latzfons.it\/index.php\/wp-json\/wp\/v2\/pages\/400\/revisions"}],"predecessor-version":[{"id":4489,"href":"https:\/\/www.musikkapelle-latzfons.it\/index.php\/wp-json\/wp\/v2\/pages\/400\/revisions\/4489"}],"wp:attachment":[{"href":"https:\/\/www.musikkapelle-latzfons.it\/index.php\/wp-json\/wp\/v2\/media?parent=400"}],"curies":[{"name":"wp","href":"https:\/\/api.w.org\/{rel}","templated":true}]}}