{"id":1771,"date":"2022-04-10T15:46:57","date_gmt":"2022-04-10T13:46:57","guid":{"rendered":"https:\/\/www.musikkapelle-latzfons.it\/?page_id=1771"},"modified":"2023-02-02T07:36:16","modified_gmt":"2023-02-02T06:36:16","slug":"impressum","status":"publish","type":"page","link":"https:\/\/www.musikkapelle-latzfons.it\/index.php\/impressum\/","title":{"rendered":"Impressum"},"content":{"rendered":"\t\t<div data-elementor-type=\"wp-page\" data-elementor-id=\"1771\" class=\"elementor elementor-1771\">\n\t\t\t\t\t\t<section class=\"elementor-section elementor-top-section elementor-element elementor-element-3b54ffd0 elementor-section-full_width elementor-section-height-min-height elementor-section-stretched elementor-section-height-default elementor-section-items-middle\" data-id=\"3b54ffd0\" data-element_type=\"section\" data-settings=\"{&quot;stretch_section&quot;:&quot;section-stretched&quot;}\">\n\t\t\t\t\t\t\t<div class=\"elementor-background-overlay\"><\/div>\n\t\t\t\t\t\t\t<div class=\"elementor-container elementor-column-gap-default\">\n\t\t\t\t\t<div class=\"elementor-column elementor-col-100 elementor-top-column elementor-element elementor-element-3573c8cd\" data-id=\"3573c8cd\" data-element_type=\"column\">\n\t\t\t<div class=\"elementor-widget-wrap elementor-element-populated\">\n\t\t\t\t\t\t<div class=\"elementor-element elementor-element-744bb9d3 elementor-widget elementor-widget-heading\" data-id=\"744bb9d3\" data-element_type=\"widget\" data-widget_type=\"heading.default\">\n\t\t\t\t<div class=\"elementor-widget-container\">\n\t\t\t\t\t<h2 class=\"elementor-heading-title elementor-size-default\">Impressum<\/h2>\t\t\t\t<\/div>\n\t\t\t\t<\/div>\n\t\t\t\t\t<\/div>\n\t\t<\/div>\n\t\t\t\t\t<\/div>\n\t\t<\/section>\n\t\t\t\t<section class=\"elementor-section elementor-top-section elementor-element elementor-element-a9060ea elementor-section-boxed elementor-section-height-default elementor-section-height-default\" data-id=\"a9060ea\" data-element_type=\"section\">\n\t\t\t\t\t\t<div class=\"elementor-container elementor-column-gap-default\">\n\t\t\t\t\t<div class=\"elementor-column elementor-col-100 elementor-top-column elementor-element elementor-element-89ee37d\" data-id=\"89ee37d\" data-element_type=\"column\">\n\t\t\t<div class=\"elementor-widget-wrap elementor-element-populated\">\n\t\t\t\t\t\t<div class=\"elementor-element elementor-element-525bc3f elementor-widget elementor-widget-spacer\" data-id=\"525bc3f\" data-element_type=\"widget\" data-widget_type=\"spacer.default\">\n\t\t\t\t<div class=\"elementor-widget-container\">\n\t\t\t\t\t\t\t<div class=\"elementor-spacer\">\n\t\t\t<div class=\"elementor-spacer-inner\"><\/div>\n\t\t<\/div>\n\t\t\t\t\t\t<\/div>\n\t\t\t\t<\/div>\n\t\t\t\t\t<\/div>\n\t\t<\/div>\n\t\t\t\t\t<\/div>\n\t\t<\/section>\n\t\t\t\t<section class=\"elementor-section elementor-top-section elementor-element elementor-element-6b84e39 elementor-section-boxed elementor-section-height-default elementor-section-height-default\" data-id=\"6b84e39\" data-element_type=\"section\">\n\t\t\t\t\t\t<div class=\"elementor-container elementor-column-gap-default\">\n\t\t\t\t\t<div class=\"elementor-column elementor-col-100 elementor-top-column elementor-element elementor-element-9db568b\" data-id=\"9db568b\" data-element_type=\"column\">\n\t\t\t<div class=\"elementor-widget-wrap elementor-element-populated\">\n\t\t\t\t\t\t<div class=\"elementor-element elementor-element-4b1b47e elementor-widget elementor-widget-text-editor\" data-id=\"4b1b47e\" data-element_type=\"widget\" data-widget_type=\"text-editor.default\">\n\t\t\t\t<div class=\"elementor-widget-container\">\n\t\t\t\t\t\t\t\t\t<p><b>Betreiber der Webseite:<\/b><\/p>\n<p>Musikkapelle Latzfons<\/p>\n<p><\/p>\n<p><b>F\u00fcr den Inhalt verantwortlich:<\/b><\/p>\n<p>Musikkapelle Latzfons<\/p>\n<p><\/p>\n<p><b>Webmaster:<\/b><\/p>\n<p>Thomas Gantioler<\/p>\n<p><\/p>\n<p style=\"font-variant-caps: normal; font-family: Roboto, sans-serif; font-size: 29px; font-style: normal;\"><span style=\"font-size: 29px; font-weight: bold;\">Literaturquellen:<\/span><\/p>\n<p style=\"font-variant-caps: normal; font-family: Roboto, sans-serif; font-size: 29px; font-style: normal;\">Das Dorfbuch &#8222;Latzfons&#8220;<\/p>\n<p><\/p>\n<p style=\"font-variant-caps: normal; font-family: Roboto, sans-serif; font-size: 29px; font-style: normal;\"><strong>Fotos:<\/strong><\/p>\n<p style=\"font-variant-caps: normal; font-family: Roboto, sans-serif; font-size: 29px; font-style: normal;\">Roland Mitterrutzner, Thomas Gantioler, Hannes Niederkofler<\/p><p style=\"font-variant-caps: normal; font-family: Roboto, sans-serif; font-size: 29px; font-style: normal;\"><br><\/p>\n<p style=\"font-variant-caps: normal; font-family: Roboto, sans-serif; font-size: 29px; font-style: normal;\">\n<\/p><p>Die \u00fcber diese Website angeboteten Inhalte sind urheberrechtlich gesch\u00fctzt.<\/p>\n<p><span style=\"font-size: 29px; color: var( --e-global-color-text ); letter-spacing: 0.9px;\">Ihre Nutzung unterliegt den geltenden Urheberrechten (copyrights).<\/span><\/p>\n<p>Diese Website darf ohne Zustimmung nicht ver\u00e4ndert, kopiert, wieder ver\u00f6ffentlicht,<\/p>\n<p>\u00fcbertragen, verbreitet oder gespeichert werden. Das Material darf ausschlie\u00dflich zu<\/p>\n<p>privaten, nichtkommerzielen &nbsp;Zweicken unter strikter Ber\u00fccksichtigung von<\/p>\n<p>&nbsp;Urheberrechten benutzt werden.&nbsp;<\/p>\t\t\t\t\t\t\t\t<\/div>\n\t\t\t\t<\/div>\n\t\t\t\t\t<\/div>\n\t\t<\/div>\n\t\t\t\t\t<\/div>\n\t\t<\/section>\n\t\t\t\t<section class=\"elementor-section elementor-top-section elementor-element elementor-element-557c0f5 elementor-section-boxed elementor-section-height-default elementor-section-height-default\" data-id=\"557c0f5\" data-element_type=\"section\">\n\t\t\t\t\t\t<div class=\"elementor-container elementor-column-gap-default\">\n\t\t\t\t\t<div class=\"elementor-column elementor-col-100 elementor-top-column elementor-element elementor-element-0d34c79\" data-id=\"0d34c79\" data-element_type=\"column\">\n\t\t\t<div class=\"elementor-widget-wrap elementor-element-populated\">\n\t\t\t\t\t\t<div class=\"elementor-element elementor-element-6d2e97f elementor-widget elementor-widget-text-editor\" data-id=\"6d2e97f\" data-element_type=\"widget\" data-widget_type=\"text-editor.default\">\n\t\t\t\t<div class=\"elementor-widget-container\">\n\t\t\t\t\t\t\t\t\t<p><b>Spenden von \u00f6ffentlicher Hand 2022:<\/b><\/p>\n<p>Gemeinde Klausen: 5.500 \u20ac<\/p>\n<p>Landesbeitrag f\u00fcr Investitionen: 4.845,21 \u20ac<\/p>\n<p>Zweckbestimmung der 5 Promille der IRPEF (21\/22): 544,45 \u20ac<\/p>\t\t\t\t\t\t\t\t<\/div>\n\t\t\t\t<\/div>\n\t\t\t\t\t<\/div>\n\t\t<\/div>\n\t\t\t\t\t<\/div>\n\t\t<\/section>\n\t\t\t\t<\/div>\n\t\t","protected":false},"excerpt":{"rendered":"<p>Impressum Betreiber der Webseite: Musikkapelle Latzfons F\u00fcr den Inhalt verantwortlich: Musikkapelle Latzfons Webmaster: Thomas Gantioler Literaturquellen: Das Dorfbuch &#8222;Latzfons&#8220; Fotos: Roland Mitterrutzner, Thomas Gantioler, Hannes Niederkofler Die \u00fcber diese Website angeboteten Inhalte sind urheberrechtlich gesch\u00fctzt. Ihre Nutzung unterliegt den geltenden Urheberrechten (copyrights). Diese Website darf ohne Zustimmung nicht ver\u00e4ndert, kopiert, wieder ver\u00f6ffentlicht, \u00fcbertragen, verbreitet oder [&hellip;]<\/p>\n","protected":false},"author":1,"featured_media":0,"parent":0,"menu_order":0,"comment_status":"closed","ping_status":"closed","template":"elementor_theme","meta":{"ocean_post_layout":"","ocean_both_sidebars_style":"","ocean_both_sidebars_content_width":0,"ocean_both_sidebars_sidebars_width":0,"ocean_sidebar":"0","ocean_second_sidebar":"0","ocean_disable_margins":"enable","ocean_add_body_class":"","ocean_shortcode_before_top_bar":"","ocean_shortcode_after_top_bar":"","ocean_shortcode_before_header":"","ocean_shortcode_after_header":"","ocean_has_shortcode":"","ocean_shortcode_after_title":"","ocean_shortcode_before_footer_widgets":"","ocean_shortcode_after_footer_widgets":"","ocean_shortcode_before_footer_bottom":"","ocean_shortcode_after_footer_bottom":"","ocean_display_top_bar":"default","ocean_display_header":"default","ocean_header_style":"","ocean_center_header_left_menu":"0","ocean_custom_header_template":"0","ocean_custom_logo":0,"ocean_custom_retina_logo":0,"ocean_custom_logo_max_width":0,"ocean_custom_logo_tablet_max_width":0,"ocean_custom_logo_mobile_max_width":0,"ocean_custom_logo_max_height":0,"ocean_custom_logo_tablet_max_height":0,"ocean_custom_logo_mobile_max_height":0,"ocean_header_custom_menu":"0","ocean_menu_typo_font_family":"0","ocean_menu_typo_font_subset":"","ocean_menu_typo_font_size":0,"ocean_menu_typo_font_size_tablet":0,"ocean_menu_typo_font_size_mobile":0,"ocean_menu_typo_font_size_unit":"px","ocean_menu_typo_font_weight":"","ocean_menu_typo_font_weight_tablet":"","ocean_menu_typo_font_weight_mobile":"","ocean_menu_typo_transform":"","ocean_menu_typo_transform_tablet":"","ocean_menu_typo_transform_mobile":"","ocean_menu_typo_line_height":0,"ocean_menu_typo_line_height_tablet":0,"ocean_menu_typo_line_height_mobile":0,"ocean_menu_typo_line_height_unit":"","ocean_menu_typo_spacing":0,"ocean_menu_typo_spacing_tablet":0,"ocean_menu_typo_spacing_mobile":0,"ocean_menu_typo_spacing_unit":"","ocean_menu_link_color":"","ocean_menu_link_color_hover":"","ocean_menu_link_color_active":"","ocean_menu_link_background":"","ocean_menu_link_hover_background":"","ocean_menu_link_active_background":"","ocean_menu_social_links_bg":"","ocean_menu_social_hover_links_bg":"","ocean_menu_social_links_color":"","ocean_menu_social_hover_links_color":"","ocean_disable_title":"on","ocean_disable_heading":"default","ocean_post_title":"","ocean_post_subheading":"","ocean_post_title_style":"","ocean_post_title_background_color":"","ocean_post_title_background":0,"ocean_post_title_bg_image_position":"","ocean_post_title_bg_image_attachment":"","ocean_post_title_bg_image_repeat":"","ocean_post_title_bg_image_size":"","ocean_post_title_height":0,"ocean_post_title_bg_overlay":0.5,"ocean_post_title_bg_overlay_color":"","ocean_disable_breadcrumbs":"default","ocean_breadcrumbs_color":"","ocean_breadcrumbs_separator_color":"","ocean_breadcrumbs_links_color":"","ocean_breadcrumbs_links_hover_color":"","ocean_display_footer_widgets":"default","ocean_display_footer_bottom":"default","ocean_custom_footer_template":"0","h5ap_radio_sources":[],"footnotes":""},"class_list":["post-1771","page","type-page","status-publish","hentry","entry"],"yoast_head":"<!-- This site is optimized with the Yoast SEO plugin v26.8 - https:\/\/yoast.com\/product\/yoast-seo-wordpress\/ -->\r\n<title>Impressum - Musikkapelle Latzfons<\/title>\r\n<meta name=\"robots\" content=\"index, follow, max-snippet:-1, max-image-preview:large, max-video-preview:-1\" \/>\r\n<link rel=\"canonical\" href=\"https:\/\/www.musikkapelle-latzfons.it\/index.php\/impressum\/\" \/>\r\n<meta property=\"og:locale\" content=\"de_DE\" \/>\r\n<meta property=\"og:type\" content=\"article\" \/>\r\n<meta property=\"og:title\" content=\"Impressum - Musikkapelle Latzfons\" \/>\r\n<meta property=\"og:description\" content=\"Impressum Betreiber der Webseite: Musikkapelle Latzfons F\u00fcr den Inhalt verantwortlich: Musikkapelle Latzfons Webmaster: Thomas Gantioler Literaturquellen: Das Dorfbuch &#8222;Latzfons&#8220; Fotos: Roland Mitterrutzner, Thomas Gantioler, Hannes Niederkofler Die \u00fcber diese Website angeboteten Inhalte sind urheberrechtlich gesch\u00fctzt. Ihre Nutzung unterliegt den geltenden Urheberrechten (copyrights). Diese Website darf ohne Zustimmung nicht ver\u00e4ndert, kopiert, wieder ver\u00f6ffentlicht, \u00fcbertragen, verbreitet oder [&hellip;]\" \/>\r\n<meta property=\"og:url\" content=\"https:\/\/www.musikkapelle-latzfons.it\/index.php\/impressum\/\" \/>\r\n<meta property=\"og:site_name\" content=\"Musikkapelle Latzfons\" \/>\r\n<meta property=\"article:modified_time\" content=\"2023-02-02T06:36:16+00:00\" \/>\r\n<meta name=\"twitter:card\" content=\"summary_large_image\" \/>\r\n<meta name=\"twitter:label1\" content=\"Gesch\u00e4tzte Lesezeit\" \/>\n\t<meta name=\"twitter:data1\" content=\"1\u00a0Minute\" \/>\r\n<script type=\"application\/ld+json\" class=\"yoast-schema-graph\">{\"@context\":\"https:\/\/schema.org\",\"@graph\":[{\"@type\":\"WebPage\",\"@id\":\"https:\/\/www.musikkapelle-latzfons.it\/index.php\/impressum\/\",\"url\":\"https:\/\/www.musikkapelle-latzfons.it\/index.php\/impressum\/\",\"name\":\"Impressum - Musikkapelle Latzfons\",\"isPartOf\":{\"@id\":\"https:\/\/www.musikkapelle-latzfons.it\/#website\"},\"datePublished\":\"2022-04-10T13:46:57+00:00\",\"dateModified\":\"2023-02-02T06:36:16+00:00\",\"breadcrumb\":{\"@id\":\"https:\/\/www.musikkapelle-latzfons.it\/index.php\/impressum\/#breadcrumb\"},\"inLanguage\":\"de\",\"potentialAction\":[{\"@type\":\"ReadAction\",\"target\":[\"https:\/\/www.musikkapelle-latzfons.it\/index.php\/impressum\/\"]}]},{\"@type\":\"BreadcrumbList\",\"@id\":\"https:\/\/www.musikkapelle-latzfons.it\/index.php\/impressum\/#breadcrumb\",\"itemListElement\":[{\"@type\":\"ListItem\",\"position\":1,\"name\":\"Startseite\",\"item\":\"https:\/\/www.musikkapelle-latzfons.it\/\"},{\"@type\":\"ListItem\",\"position\":2,\"name\":\"Impressum\"}]},{\"@type\":\"WebSite\",\"@id\":\"https:\/\/www.musikkapelle-latzfons.it\/#website\",\"url\":\"https:\/\/www.musikkapelle-latzfons.it\/\",\"name\":\"Musikkapelle Latzfons\",\"description\":\"Das Beste in der Musik steht nicht in den Noten.\",\"publisher\":{\"@id\":\"https:\/\/www.musikkapelle-latzfons.it\/#organization\"},\"potentialAction\":[{\"@type\":\"SearchAction\",\"target\":{\"@type\":\"EntryPoint\",\"urlTemplate\":\"https:\/\/www.musikkapelle-latzfons.it\/?s={search_term_string}\"},\"query-input\":{\"@type\":\"PropertyValueSpecification\",\"valueRequired\":true,\"valueName\":\"search_term_string\"}}],\"inLanguage\":\"de\"},{\"@type\":\"Organization\",\"@id\":\"https:\/\/www.musikkapelle-latzfons.it\/#organization\",\"name\":\"Musikkapelle Latzfons\",\"alternateName\":\"Mk Latzfons\",\"url\":\"https:\/\/www.musikkapelle-latzfons.it\/\",\"logo\":{\"@type\":\"ImageObject\",\"inLanguage\":\"de\",\"@id\":\"https:\/\/www.musikkapelle-latzfons.it\/#\/schema\/logo\/image\/\",\"url\":\"https:\/\/www.musikkapelle-latzfons.it\/wp-content\/uploads\/2022\/03\/cropped-cropped-Logo_neu-1.png\",\"contentUrl\":\"https:\/\/www.musikkapelle-latzfons.it\/wp-content\/uploads\/2022\/03\/cropped-cropped-Logo_neu-1.png\",\"width\":512,\"height\":512,\"caption\":\"Musikkapelle Latzfons\"},\"image\":{\"@id\":\"https:\/\/www.musikkapelle-latzfons.it\/#\/schema\/logo\/image\/\"}}]}<\/script>\r\n<!-- \/ Yoast SEO plugin. -->","yoast_head_json":{"title":"Impressum - Musikkapelle Latzfons","robots":{"index":"index","follow":"follow","max-snippet":"max-snippet:-1","max-image-preview":"max-image-preview:large","max-video-preview":"max-video-preview:-1"},"canonical":"https:\/\/www.musikkapelle-latzfons.it\/index.php\/impressum\/","og_locale":"de_DE","og_type":"article","og_title":"Impressum - Musikkapelle Latzfons","og_description":"Impressum Betreiber der Webseite: Musikkapelle Latzfons F\u00fcr den Inhalt verantwortlich: Musikkapelle Latzfons Webmaster: Thomas Gantioler Literaturquellen: Das Dorfbuch &#8222;Latzfons&#8220; Fotos: Roland Mitterrutzner, Thomas Gantioler, Hannes Niederkofler Die \u00fcber diese Website angeboteten Inhalte sind urheberrechtlich gesch\u00fctzt. Ihre Nutzung unterliegt den geltenden Urheberrechten (copyrights). Diese Website darf ohne Zustimmung nicht ver\u00e4ndert, kopiert, wieder ver\u00f6ffentlicht, \u00fcbertragen, verbreitet oder [&hellip;]","og_url":"https:\/\/www.musikkapelle-latzfons.it\/index.php\/impressum\/","og_site_name":"Musikkapelle Latzfons","article_modified_time":"2023-02-02T06:36:16+00:00","twitter_card":"summary_large_image","twitter_misc":{"Gesch\u00e4tzte Lesezeit":"1\u00a0Minute"},"schema":{"@context":"https:\/\/schema.org","@graph":[{"@type":"WebPage","@id":"https:\/\/www.musikkapelle-latzfons.it\/index.php\/impressum\/","url":"https:\/\/www.musikkapelle-latzfons.it\/index.php\/impressum\/","name":"Impressum - Musikkapelle Latzfons","isPartOf":{"@id":"https:\/\/www.musikkapelle-latzfons.it\/#website"},"datePublished":"2022-04-10T13:46:57+00:00","dateModified":"2023-02-02T06:36:16+00:00","breadcrumb":{"@id":"https:\/\/www.musikkapelle-latzfons.it\/index.php\/impressum\/#breadcrumb"},"inLanguage":"de","potentialAction":[{"@type":"ReadAction","target":["https:\/\/www.musikkapelle-latzfons.it\/index.php\/impressum\/"]}]},{"@type":"BreadcrumbList","@id":"https:\/\/www.musikkapelle-latzfons.it\/index.php\/impressum\/#breadcrumb","itemListElement":[{"@type":"ListItem","position":1,"name":"Startseite","item":"https:\/\/www.musikkapelle-latzfons.it\/"},{"@type":"ListItem","position":2,"name":"Impressum"}]},{"@type":"WebSite","@id":"https:\/\/www.musikkapelle-latzfons.it\/#website","url":"https:\/\/www.musikkapelle-latzfons.it\/","name":"Musikkapelle Latzfons","description":"Das Beste in der Musik steht nicht in den Noten.","publisher":{"@id":"https:\/\/www.musikkapelle-latzfons.it\/#organization"},"potentialAction":[{"@type":"SearchAction","target":{"@type":"EntryPoint","urlTemplate":"https:\/\/www.musikkapelle-latzfons.it\/?s={search_term_string}"},"query-input":{"@type":"PropertyValueSpecification","valueRequired":true,"valueName":"search_term_string"}}],"inLanguage":"de"},{"@type":"Organization","@id":"https:\/\/www.musikkapelle-latzfons.it\/#organization","name":"Musikkapelle Latzfons","alternateName":"Mk Latzfons","url":"https:\/\/www.musikkapelle-latzfons.it\/","logo":{"@type":"ImageObject","inLanguage":"de","@id":"https:\/\/www.musikkapelle-latzfons.it\/#\/schema\/logo\/image\/","url":"https:\/\/www.musikkapelle-latzfons.it\/wp-content\/uploads\/2022\/03\/cropped-cropped-Logo_neu-1.png","contentUrl":"https:\/\/www.musikkapelle-latzfons.it\/wp-content\/uploads\/2022\/03\/cropped-cropped-Logo_neu-1.png","width":512,"height":512,"caption":"Musikkapelle Latzfons"},"image":{"@id":"https:\/\/www.musikkapelle-latzfons.it\/#\/schema\/logo\/image\/"}}]}},"_links":{"self":[{"href":"https:\/\/www.musikkapelle-latzfons.it\/index.php\/wp-json\/wp\/v2\/pages\/1771","targetHints":{"allow":["GET"]}}],"collection":[{"href":"https:\/\/www.musikkapelle-latzfons.it\/index.php\/wp-json\/wp\/v2\/pages"}],"about":[{"href":"https:\/\/www.musikkapelle-latzfons.it\/index.php\/wp-json\/wp\/v2\/types\/page"}],"author":[{"embeddable":true,"href":"https:\/\/www.musikkapelle-latzfons.it\/index.php\/wp-json\/wp\/v2\/users\/1"}],"replies":[{"embeddable":true,"href":"https:\/\/www.musikkapelle-latzfons.it\/index.php\/wp-json\/wp\/v2\/comments?post=1771"}],"version-history":[{"count":19,"href":"https:\/\/www.musikkapelle-latzfons.it\/index.php\/wp-json\/wp\/v2\/pages\/1771\/revisions"}],"predecessor-version":[{"id":3595,"href":"https:\/\/www.musikkapelle-latzfons.it\/index.php\/wp-json\/wp\/v2\/pages\/1771\/revisions\/3595"}],"wp:attachment":[{"href":"https:\/\/www.musikkapelle-latzfons.it\/index.php\/wp-json\/wp\/v2\/media?parent=1771"}],"curies":[{"name":"wp","href":"https:\/\/api.w.org\/{rel}","templated":true}]}}